{"id":1830,"date":"2021-04-14T10:38:57","date_gmt":"2021-04-14T09:38:57","guid":{"rendered":"https:\/\/destadswal.nl\/?page_id=1830"},"modified":"2022-11-24T12:19:55","modified_gmt":"2022-11-24T11:19:55","slug":"accueil","status":"publish","type":"page","link":"https:\/\/destadswal.nl\/index.php\/fr\/accueil\/","title":{"rendered":"Accueil"},"content":{"rendered":"\n<h2 class=\"has-text-color wp-block-heading\" style=\"color:#417700\">Une oasis de paix dans le c\u0153ur historique de Maastricht<\/h2>\n\n\n\n<p>\u00cates-vous \u00e0 la recherche d&#8217;un B&amp;B tranquille dans le centre de Maastricht?&nbsp;Au c\u0153ur de la vieille ville, \u00e0 deux pas du Vrijthof, du March\u00e9 et de la basilique Saint-Servatius, nous vous proposons de charmantes chambres, chacune avec sa propre salle de bains. Le B&amp;B est situ\u00e9 dans la partie arri\u00e8re d&#8217;une belle maison ancienne, face au jardin et au mur historique de la ville datant de 1229. Vous n&#8217;entendrez aucun bruit de la rue, ce qui vous donne la sensation d&#8217;\u00eatre dans une oasis de paix. Le petit d\u00e9jeuner est servi avec soin dans la salle de petit d\u00e9jeuner accueillante qui donne vue sur le jardin. Lorsque le temps le permet, vous pouvez profiter du jardin et vous asseoir pr\u00e8s de l&#8217;ancien mur de la ville.<\/p>\n\n\n\n<h3 class=\"wp-block-heading\">Nous serions ravis de vous accueillir dans notre comfortable B&amp;B \u00e0 Maastricht.<\/h3>\n\n\n\n<div class=\"wp-block-columns is-layout-flex wp-container-core-columns-is-layout-9d6595d7 wp-block-columns-is-layout-flex\">\n<div class=\"wp-block-column is-layout-flow wp-block-column-is-layout-flow\">\n<p>Le verre de bienvenue vous attend!<\/p>\n\n\n\n<p>Anneke &amp; Enrico<\/p>\n<\/div>\n<\/div>\n\n\n\n<figure class=\"wp-block-image size-large\"><img loading=\"lazy\" decoding=\"async\" width=\"1024\" height=\"347\" src=\"https:\/\/destadswal.nl\/wp-content\/uploads\/2021\/03\/ontbijtzaal-smal-rechte-hoeken-1024x347.jpg\" alt=\"B&amp;B dans le centre de Maastricht\" class=\"wp-image-1485\" srcset=\"https:\/\/destadswal.nl\/wp-content\/uploads\/2021\/03\/ontbijtzaal-smal-rechte-hoeken-1024x347.jpg 1024w, https:\/\/destadswal.nl\/wp-content\/uploads\/2021\/03\/ontbijtzaal-smal-rechte-hoeken-300x102.jpg 300w, https:\/\/destadswal.nl\/wp-content\/uploads\/2021\/03\/ontbijtzaal-smal-rechte-hoeken-768x260.jpg 768w, https:\/\/destadswal.nl\/wp-content\/uploads\/2021\/03\/ontbijtzaal-smal-rechte-hoeken-1536x520.jpg 1536w, https:\/\/destadswal.nl\/wp-content\/uploads\/2021\/03\/ontbijtzaal-smal-rechte-hoeken-2048x693.jpg 2048w, https:\/\/destadswal.nl\/wp-content\/uploads\/2021\/03\/ontbijtzaal-smal-rechte-hoeken-940x318.jpg 940w, https:\/\/destadswal.nl\/wp-content\/uploads\/2021\/03\/ontbijtzaal-smal-rechte-hoeken-1181x400.jpg 1181w\" sizes=\"auto, (max-width: 1024px) 100vw, 1024px\" \/><\/figure>\n\n\n\n<p><\/p>\n\n\n\n<div class=\"wp-block-cover is-light has-parallax\" style=\"min-height:143px;aspect-ratio:unset;\"><span aria-hidden=\"true\" class=\"wp-block-cover__background has-background-dim-10 has-background-dim\"><\/span><div role=\"img\" class=\"wp-block-cover__image-background wp-image-1631 has-parallax\" style=\"background-position:50% 50%;background-image:url(https:\/\/destadswal.nl\/wp-content\/uploads\/2021\/03\/De-Stadswal-muur-detail.jpg)\"><\/div><div class=\"wp-block-cover__inner-container is-layout-flow wp-block-cover-is-layout-flow\">\n<p class=\"has-text-align-center has-white-color has-text-color has-large-font-size\"><strong><a href=\"https:\/\/destadswal.nl\/index.php\/fr\/reservation\/\">R\u00e9server ici!<\/a><\/strong><\/p>\n<\/div><\/div>\n\n\n\n<h3 class=\"has-white-color has-text-color wp-block-heading\"><\/h3>\n\n\n\n<p class=\"has-text-align-center\"><a href=\"https:\/\/www.google.nl\/maps\/place\/Brusselsestraat+3A,+6211+PA+Maastricht\/@50.8496146,5.6833755,17z\/data=!3m1!4b1!4m5!3m4!1s0x47c0e9b6e3d7871f:0xdf4a1ba4399dd611!8m2!3d50.8496146!4d5.6855642\" target=\"_blank\" rel=\"noreferrer noopener\">Regardez ici pour notre localisation: B&amp;B dans le centre de Maastricht<\/a><\/p>\n","protected":false},"excerpt":{"rendered":"<p>Une oasis de paix dans le c\u0153ur historique de Maastricht \u00cates-vous \u00e0 la recherche d&#8217;un B&amp;B tranquille dans le centre de Maastricht?&nbsp;Au c\u0153ur de la vieille ville, \u00e0 deux pas du Vrijthof, du March\u00e9 et&hellip; <a href=\"https:\/\/destadswal.nl\/index.php\/fr\/accueil\/\">More<\/a><\/p>\n","protected":false},"author":1,"featured_media":0,"parent":0,"menu_order":0,"comment_status":"closed","ping_status":"open","template":"","meta":{"footnotes":""},"class_list":["post-1830","page","type-page","status-publish","hentry"],"yoast_head":"<!-- This site is optimized with the Yoast SEO plugin v27.6 - https:\/\/yoast.com\/product\/yoast-seo-wordpress\/ -->\n<title>B&amp;B dans le centre de Maastricht: r\u00e9server un s\u00e9jour dans le Stadswal<\/title>\n<meta name=\"description\" content=\"Chambres d&#039;h\u00f4tes \u00e0 Maastricht, est un B&amp;B calme et tranquille dans le centre de Maastricht, r\u00e9server un s\u00e9jour avec rangement de v\u00e9los.\" \/>\n<meta name=\"robots\" content=\"index, follow, max-snippet:-1, max-image-preview:large, max-video-preview:-1\" \/>\n<link rel=\"canonical\" href=\"https:\/\/destadswal.nl\/index.php\/fr\/accueil\/\" \/>\n<meta property=\"og:locale\" content=\"nl_NL\" \/>\n<meta property=\"og:type\" content=\"article\" \/>\n<meta property=\"og:title\" content=\"B&amp;B dans le centre de Maastricht: r\u00e9server un s\u00e9jour dans le Stadswal\" \/>\n<meta property=\"og:description\" content=\"Chambres d&#039;h\u00f4tes \u00e0 Maastricht, est un B&amp;B calme et tranquille dans le centre de Maastricht, r\u00e9server un s\u00e9jour avec rangement de v\u00e9los.\" \/>\n<meta property=\"og:url\" content=\"https:\/\/destadswal.nl\/index.php\/fr\/accueil\/\" \/>\n<meta property=\"og:site_name\" content=\"B&amp;B de Stadswal Maastricht\" \/>\n<meta property=\"article:modified_time\" content=\"2022-11-24T11:19:55+00:00\" \/>\n<meta property=\"og:image\" content=\"https:\/\/destadswal.nl\/wp-content\/uploads\/2021\/03\/ontbijtzaal-smal-rechte-hoeken-1024x347.jpg\" \/>\n<meta name=\"twitter:card\" content=\"summary_large_image\" \/>\n<meta name=\"twitter:label1\" content=\"Verwachte leestijd\" \/>\n\t<meta name=\"twitter:data1\" content=\"2 minuten\" \/>\n<script type=\"application\/ld+json\" class=\"yoast-schema-graph\">{\"@context\":\"https:\\\/\\\/schema.org\",\"@graph\":[{\"@type\":\"WebPage\",\"@id\":\"https:\\\/\\\/destadswal.nl\\\/index.php\\\/fr\\\/accueil\\\/\",\"url\":\"https:\\\/\\\/destadswal.nl\\\/index.php\\\/fr\\\/accueil\\\/\",\"name\":\"B&B dans le centre de Maastricht: r\u00e9server un s\u00e9jour dans le Stadswal\",\"isPartOf\":{\"@id\":\"https:\\\/\\\/destadswal.nl\\\/#website\"},\"primaryImageOfPage\":{\"@id\":\"https:\\\/\\\/destadswal.nl\\\/index.php\\\/fr\\\/accueil\\\/#primaryimage\"},\"image\":{\"@id\":\"https:\\\/\\\/destadswal.nl\\\/index.php\\\/fr\\\/accueil\\\/#primaryimage\"},\"thumbnailUrl\":\"https:\\\/\\\/destadswal.nl\\\/wp-content\\\/uploads\\\/2021\\\/03\\\/ontbijtzaal-smal-rechte-hoeken-1024x347.jpg\",\"datePublished\":\"2021-04-14T09:38:57+00:00\",\"dateModified\":\"2022-11-24T11:19:55+00:00\",\"description\":\"Chambres d'h\u00f4tes \u00e0 Maastricht, est un B&B calme et tranquille dans le centre de Maastricht, r\u00e9server un s\u00e9jour avec rangement de v\u00e9los.\",\"breadcrumb\":{\"@id\":\"https:\\\/\\\/destadswal.nl\\\/index.php\\\/fr\\\/accueil\\\/#breadcrumb\"},\"inLanguage\":\"nl-NL\",\"potentialAction\":[{\"@type\":\"ReadAction\",\"target\":[\"https:\\\/\\\/destadswal.nl\\\/index.php\\\/fr\\\/accueil\\\/\"]}]},{\"@type\":\"ImageObject\",\"inLanguage\":\"nl-NL\",\"@id\":\"https:\\\/\\\/destadswal.nl\\\/index.php\\\/fr\\\/accueil\\\/#primaryimage\",\"url\":\"https:\\\/\\\/destadswal.nl\\\/wp-content\\\/uploads\\\/2021\\\/03\\\/ontbijtzaal-smal-rechte-hoeken-scaled.jpg\",\"contentUrl\":\"https:\\\/\\\/destadswal.nl\\\/wp-content\\\/uploads\\\/2021\\\/03\\\/ontbijtzaal-smal-rechte-hoeken-scaled.jpg\",\"width\":2560,\"height\":867},{\"@type\":\"BreadcrumbList\",\"@id\":\"https:\\\/\\\/destadswal.nl\\\/index.php\\\/fr\\\/accueil\\\/#breadcrumb\",\"itemListElement\":[{\"@type\":\"ListItem\",\"position\":1,\"name\":\"Home\",\"item\":\"https:\\\/\\\/destadswal.nl\\\/\"},{\"@type\":\"ListItem\",\"position\":2,\"name\":\"Accueil\"}]},{\"@type\":\"WebSite\",\"@id\":\"https:\\\/\\\/destadswal.nl\\\/#website\",\"url\":\"https:\\\/\\\/destadswal.nl\\\/\",\"name\":\"B&amp;B de Stadswal Maastricht\",\"description\":\"Bed and Breakfast in het centrum van Maastricht\",\"potentialAction\":[{\"@type\":\"SearchAction\",\"target\":{\"@type\":\"EntryPoint\",\"urlTemplate\":\"https:\\\/\\\/destadswal.nl\\\/?s={search_term_string}\"},\"query-input\":{\"@type\":\"PropertyValueSpecification\",\"valueRequired\":true,\"valueName\":\"search_term_string\"}}],\"inLanguage\":\"nl-NL\"}]}<\/script>\n<!-- \/ Yoast SEO plugin. -->","yoast_head_json":{"title":"B&B dans le centre de Maastricht: r\u00e9server un s\u00e9jour dans le Stadswal","description":"Chambres d'h\u00f4tes \u00e0 Maastricht, est un B&B calme et tranquille dans le centre de Maastricht, r\u00e9server un s\u00e9jour avec rangement de v\u00e9los.","robots":{"index":"index","follow":"follow","max-snippet":"max-snippet:-1","max-image-preview":"max-image-preview:large","max-video-preview":"max-video-preview:-1"},"canonical":"https:\/\/destadswal.nl\/index.php\/fr\/accueil\/","og_locale":"nl_NL","og_type":"article","og_title":"B&B dans le centre de Maastricht: r\u00e9server un s\u00e9jour dans le Stadswal","og_description":"Chambres d'h\u00f4tes \u00e0 Maastricht, est un B&B calme et tranquille dans le centre de Maastricht, r\u00e9server un s\u00e9jour avec rangement de v\u00e9los.","og_url":"https:\/\/destadswal.nl\/index.php\/fr\/accueil\/","og_site_name":"B&amp;B de Stadswal Maastricht","article_modified_time":"2022-11-24T11:19:55+00:00","og_image":[{"url":"https:\/\/destadswal.nl\/wp-content\/uploads\/2021\/03\/ontbijtzaal-smal-rechte-hoeken-1024x347.jpg","type":"","width":"","height":""}],"twitter_card":"summary_large_image","twitter_misc":{"Verwachte leestijd":"2 minuten"},"schema":{"@context":"https:\/\/schema.org","@graph":[{"@type":"WebPage","@id":"https:\/\/destadswal.nl\/index.php\/fr\/accueil\/","url":"https:\/\/destadswal.nl\/index.php\/fr\/accueil\/","name":"B&B dans le centre de Maastricht: r\u00e9server un s\u00e9jour dans le Stadswal","isPartOf":{"@id":"https:\/\/destadswal.nl\/#website"},"primaryImageOfPage":{"@id":"https:\/\/destadswal.nl\/index.php\/fr\/accueil\/#primaryimage"},"image":{"@id":"https:\/\/destadswal.nl\/index.php\/fr\/accueil\/#primaryimage"},"thumbnailUrl":"https:\/\/destadswal.nl\/wp-content\/uploads\/2021\/03\/ontbijtzaal-smal-rechte-hoeken-1024x347.jpg","datePublished":"2021-04-14T09:38:57+00:00","dateModified":"2022-11-24T11:19:55+00:00","description":"Chambres d'h\u00f4tes \u00e0 Maastricht, est un B&B calme et tranquille dans le centre de Maastricht, r\u00e9server un s\u00e9jour avec rangement de v\u00e9los.","breadcrumb":{"@id":"https:\/\/destadswal.nl\/index.php\/fr\/accueil\/#breadcrumb"},"inLanguage":"nl-NL","potentialAction":[{"@type":"ReadAction","target":["https:\/\/destadswal.nl\/index.php\/fr\/accueil\/"]}]},{"@type":"ImageObject","inLanguage":"nl-NL","@id":"https:\/\/destadswal.nl\/index.php\/fr\/accueil\/#primaryimage","url":"https:\/\/destadswal.nl\/wp-content\/uploads\/2021\/03\/ontbijtzaal-smal-rechte-hoeken-scaled.jpg","contentUrl":"https:\/\/destadswal.nl\/wp-content\/uploads\/2021\/03\/ontbijtzaal-smal-rechte-hoeken-scaled.jpg","width":2560,"height":867},{"@type":"BreadcrumbList","@id":"https:\/\/destadswal.nl\/index.php\/fr\/accueil\/#breadcrumb","itemListElement":[{"@type":"ListItem","position":1,"name":"Home","item":"https:\/\/destadswal.nl\/"},{"@type":"ListItem","position":2,"name":"Accueil"}]},{"@type":"WebSite","@id":"https:\/\/destadswal.nl\/#website","url":"https:\/\/destadswal.nl\/","name":"B&amp;B de Stadswal Maastricht","description":"Bed and Breakfast in het centrum van Maastricht","potentialAction":[{"@type":"SearchAction","target":{"@type":"EntryPoint","urlTemplate":"https:\/\/destadswal.nl\/?s={search_term_string}"},"query-input":{"@type":"PropertyValueSpecification","valueRequired":true,"valueName":"search_term_string"}}],"inLanguage":"nl-NL"}]}},"_links":{"self":[{"href":"https:\/\/destadswal.nl\/index.php\/wp-json\/wp\/v2\/pages\/1830","targetHints":{"allow":["GET"]}}],"collection":[{"href":"https:\/\/destadswal.nl\/index.php\/wp-json\/wp\/v2\/pages"}],"about":[{"href":"https:\/\/destadswal.nl\/index.php\/wp-json\/wp\/v2\/types\/page"}],"author":[{"embeddable":true,"href":"https:\/\/destadswal.nl\/index.php\/wp-json\/wp\/v2\/users\/1"}],"replies":[{"embeddable":true,"href":"https:\/\/destadswal.nl\/index.php\/wp-json\/wp\/v2\/comments?post=1830"}],"version-history":[{"count":10,"href":"https:\/\/destadswal.nl\/index.php\/wp-json\/wp\/v2\/pages\/1830\/revisions"}],"predecessor-version":[{"id":2000,"href":"https:\/\/destadswal.nl\/index.php\/wp-json\/wp\/v2\/pages\/1830\/revisions\/2000"}],"wp:attachment":[{"href":"https:\/\/destadswal.nl\/index.php\/wp-json\/wp\/v2\/media?parent=1830"}],"curies":[{"name":"wp","href":"https:\/\/api.w.org\/{rel}","templated":true}]}}