{"id":1845,"date":"2021-04-14T11:41:56","date_gmt":"2021-04-14T10:41:56","guid":{"rendered":"https:\/\/destadswal.nl\/?page_id=1845"},"modified":"2025-09-01T10:42:33","modified_gmt":"2025-09-01T09:42:33","slug":"activites","status":"publish","type":"page","link":"https:\/\/destadswal.nl\/index.php\/fr\/activites\/","title":{"rendered":"Activit\u00e9s"},"content":{"rendered":"\n<p>Pour une escapade d&#8217;un week-end \u00e0 Maastricht, il existe de nombreuses options culturelles et culinaires dans cette ville dynamique.<\/p>\n\n\n\n<p>Bien entendu, vous ne devez pas limiter votre week-end \u00e0 Maastricht \u00e0 la ville. Le Bed and Breakfast le Stadswal \u00e0 Maastricht est \u00e9galement un excellent point de d\u00e9part pour un s\u00e9jour plus long, pour une journ\u00e9e de v\u00e9lo ou de marche dans les collines. Apr\u00e8s tout, Maastricht est le d\u00e9but ou la fin du Pieterpad. Quoi de mieux que de combiner une journ\u00e9e en ville avec une journ\u00e9e dans la nature. Ou peut-\u00eatre n&#8217;\u00eates-vous pas si sportif que \u00e7a, et votre partenaire peut sortir un peu, pendant que vous profitez d&#8217;une terrasse en ville. Toutes les combinaisons sont possibles.<\/p>\n\n\n\n<p>Nous serons heureux de vous informer de toutes les possibilit\u00e9s de loisirs dans la r\u00e9gion. Vous trouverez ci-dessous une petite s\u00e9lection des nombreuses possibilit\u00e9s.<\/p>\n\n\n\n<div style=\"height:26px\" aria-hidden=\"true\" class=\"wp-block-spacer\"><\/div>\n\n\n\n<h3 class=\"wp-block-heading\"><strong>D\u00e9couvrez Maastricht pendant un week-end<\/strong><\/h3>\n\n\n\n<p class=\"has-white-color has-text-color\">.<\/p>\n\n\n\n<div class=\"wp-block-group\"><div class=\"wp-block-group__inner-container is-layout-flow wp-block-group-is-layout-flow\">\n<figure class=\"wp-block-gallery alignleft has-nested-images columns-default is-cropped wp-block-gallery-1 is-layout-flex wp-block-gallery-is-layout-flex\">\n<figure class=\"wp-block-image size-large is-style-default\"><img loading=\"lazy\" decoding=\"async\" width=\"1000\" height=\"667\" data-id=\"1377\" src=\"https:\/\/destadswal.nl\/wp-content\/uploads\/2021\/03\/maastricht-stadswal-3.jpg\" alt=\"\" class=\"wp-image-1377\" srcset=\"https:\/\/destadswal.nl\/wp-content\/uploads\/2021\/03\/maastricht-stadswal-3.jpg 1000w, https:\/\/destadswal.nl\/wp-content\/uploads\/2021\/03\/maastricht-stadswal-3-300x200.jpg 300w, https:\/\/destadswal.nl\/wp-content\/uploads\/2021\/03\/maastricht-stadswal-3-768x512.jpg 768w, https:\/\/destadswal.nl\/wp-content\/uploads\/2021\/03\/maastricht-stadswal-3-940x627.jpg 940w, https:\/\/destadswal.nl\/wp-content\/uploads\/2021\/03\/maastricht-stadswal-3-600x400.jpg 600w\" sizes=\"auto, (max-width: 1000px) 100vw, 1000px\" \/><\/figure>\n\n\n\n<figure class=\"wp-block-image size-large is-style-default\"><img loading=\"lazy\" decoding=\"async\" width=\"1000\" height=\"750\" data-id=\"951\" src=\"https:\/\/destadswal.nl\/wp-content\/uploads\/2021\/02\/Maastricht-54373.jpg\" alt=\"\" class=\"wp-image-951\" srcset=\"https:\/\/destadswal.nl\/wp-content\/uploads\/2021\/02\/Maastricht-54373.jpg 1000w, https:\/\/destadswal.nl\/wp-content\/uploads\/2021\/02\/Maastricht-54373-300x225.jpg 300w, https:\/\/destadswal.nl\/wp-content\/uploads\/2021\/02\/Maastricht-54373-768x576.jpg 768w, https:\/\/destadswal.nl\/wp-content\/uploads\/2021\/02\/Maastricht-54373-940x705.jpg 940w, https:\/\/destadswal.nl\/wp-content\/uploads\/2021\/02\/Maastricht-54373-533x400.jpg 533w\" sizes=\"auto, (max-width: 1000px) 100vw, 1000px\" \/><\/figure>\n\n\n\n<figure class=\"wp-block-image size-large is-style-default\"><img loading=\"lazy\" decoding=\"async\" width=\"768\" height=\"1024\" data-id=\"950\" src=\"https:\/\/destadswal.nl\/wp-content\/uploads\/2021\/02\/Maastricht-44372-768x1024.jpg\" alt=\"Wijnroute Maastricht\" class=\"wp-image-950\" srcset=\"https:\/\/destadswal.nl\/wp-content\/uploads\/2021\/02\/Maastricht-44372-768x1024.jpg 768w, https:\/\/destadswal.nl\/wp-content\/uploads\/2021\/02\/Maastricht-44372-225x300.jpg 225w, https:\/\/destadswal.nl\/wp-content\/uploads\/2021\/02\/Maastricht-44372-940x1253.jpg 940w, https:\/\/destadswal.nl\/wp-content\/uploads\/2021\/02\/Maastricht-44372-300x400.jpg 300w, https:\/\/destadswal.nl\/wp-content\/uploads\/2021\/02\/Maastricht-44372.jpg 1024w\" sizes=\"auto, (max-width: 768px) 100vw, 768px\" \/><figcaption class=\"wp-element-caption\">Wijnroute Maastricht<\/figcaption><\/figure>\n\n\n\n<figure class=\"wp-block-image size-large is-style-default\"><img loading=\"lazy\" decoding=\"async\" width=\"945\" height=\"591\" data-id=\"1376\" src=\"https:\/\/destadswal.nl\/wp-content\/uploads\/2021\/03\/Vrijthof.jpg\" alt=\"\" class=\"wp-image-1376\" srcset=\"https:\/\/destadswal.nl\/wp-content\/uploads\/2021\/03\/Vrijthof.jpg 945w, https:\/\/destadswal.nl\/wp-content\/uploads\/2021\/03\/Vrijthof-300x188.jpg 300w, https:\/\/destadswal.nl\/wp-content\/uploads\/2021\/03\/Vrijthof-768x480.jpg 768w, https:\/\/destadswal.nl\/wp-content\/uploads\/2021\/03\/Vrijthof-940x588.jpg 940w, https:\/\/destadswal.nl\/wp-content\/uploads\/2021\/03\/Vrijthof-640x400.jpg 640w\" sizes=\"auto, (max-width: 945px) 100vw, 945px\" \/><\/figure>\n<\/figure>\n\n\n\n<p class=\"has-text-align-left\">Maastricht est c\u00e9l\u00e8bre pour le Vrijthof, la basilique Saint-Servatius et la Onze Lieve Vrouweplein. C&#8217;est l&#8217;une des plus anciennes villes des Pays-Bas et elle poss\u00e8de donc encore de nombreuses caract\u00e9ristiques romaines et m\u00e9di\u00e9vales, notamment les vieux murs de la ville.<\/p>\n\n\n\n<p class=\"has-text-align-left\">En plus du centre historique, Maastricht poss\u00e8de \u00e9galement des quartiers agr\u00e9ables, comme <a href=\"https:\/\/www.wyck.nl\" target=\"_blank\" rel=\"noreferrer noopener\">Wyck<\/a> et le <a href=\"https:\/\/sphinxkwartier.nl\/en\/\" target=\"_blank\" rel=\"noreferrer noopener\">Sphinxkwartier<\/a>. Un incontournable est <a href=\"https:\/\/www.maastrichtkunst.nl\/\" target=\"_blank\" rel=\"noreferrer noopener\">la route de l&#8217;art avec de galeries<\/a><\/p>\n\n\n\n<div style=\"height:8px\" aria-hidden=\"true\" class=\"wp-block-spacer\"><\/div>\n\n\n\n<p class=\"has-white-color has-text-color\">.<\/p>\n\n\n\n<h3 class=\"wp-block-heading\"><strong>Randonn\u00e9e \u00e0 Maastricht et dans les environs<\/strong><\/h3>\n\n\n\n<p class=\"has-white-color has-text-color\">.<\/p>\n<\/div><\/div>\n\n\n\n<figure class=\"wp-block-gallery alignright has-nested-images columns-2 is-cropped wp-block-gallery-2 is-layout-flex wp-block-gallery-is-layout-flex\">\n<figure class=\"wp-block-image size-large is-style-default\"><img loading=\"lazy\" decoding=\"async\" width=\"1024\" height=\"768\" data-id=\"796\" src=\"https:\/\/destadswal.nl\/wp-content\/uploads\/2021\/02\/IMG_2291-1024x768.jpg\" alt=\"Wandelen in Maastricht\" class=\"wp-image-796\" srcset=\"https:\/\/destadswal.nl\/wp-content\/uploads\/2021\/02\/IMG_2291-1024x768.jpg 1024w, https:\/\/destadswal.nl\/wp-content\/uploads\/2021\/02\/IMG_2291-300x225.jpg 300w, https:\/\/destadswal.nl\/wp-content\/uploads\/2021\/02\/IMG_2291-768x576.jpg 768w, https:\/\/destadswal.nl\/wp-content\/uploads\/2021\/02\/IMG_2291-1536x1152.jpg 1536w, https:\/\/destadswal.nl\/wp-content\/uploads\/2021\/02\/IMG_2291-2048x1536.jpg 2048w, https:\/\/destadswal.nl\/wp-content\/uploads\/2021\/02\/IMG_2291-940x705.jpg 940w, https:\/\/destadswal.nl\/wp-content\/uploads\/2021\/02\/IMG_2291-533x400.jpg 533w\" sizes=\"auto, (max-width: 1024px) 100vw, 1024px\" \/><figcaption class=\"wp-element-caption\">Wandelen in Maastricht<\/figcaption><\/figure>\n\n\n\n<figure class=\"wp-block-image size-large is-style-default\"><img loading=\"lazy\" decoding=\"async\" width=\"1024\" height=\"768\" data-id=\"1459\" src=\"https:\/\/destadswal.nl\/wp-content\/uploads\/2021\/03\/wandelen-1024x768.jpg\" alt=\"\" class=\"wp-image-1459\" srcset=\"https:\/\/destadswal.nl\/wp-content\/uploads\/2021\/03\/wandelen-1024x768.jpg 1024w, https:\/\/destadswal.nl\/wp-content\/uploads\/2021\/03\/wandelen-300x225.jpg 300w, https:\/\/destadswal.nl\/wp-content\/uploads\/2021\/03\/wandelen-768x576.jpg 768w, https:\/\/destadswal.nl\/wp-content\/uploads\/2021\/03\/wandelen-1536x1152.jpg 1536w, https:\/\/destadswal.nl\/wp-content\/uploads\/2021\/03\/wandelen-2048x1536.jpg 2048w, https:\/\/destadswal.nl\/wp-content\/uploads\/2021\/03\/wandelen-940x705.jpg 940w, https:\/\/destadswal.nl\/wp-content\/uploads\/2021\/03\/wandelen-533x400.jpg 533w\" sizes=\"auto, (max-width: 1024px) 100vw, 1024px\" \/><\/figure>\n\n\n\n<figure class=\"wp-block-image size-large is-style-default\"><img loading=\"lazy\" decoding=\"async\" width=\"1024\" height=\"768\" data-id=\"938\" src=\"https:\/\/destadswal.nl\/wp-content\/uploads\/2021\/02\/Mergelgroeve.jpg\" alt=\"Wandelen in Maastricht\" class=\"wp-image-938\" srcset=\"https:\/\/destadswal.nl\/wp-content\/uploads\/2021\/02\/Mergelgroeve.jpg 1024w, https:\/\/destadswal.nl\/wp-content\/uploads\/2021\/02\/Mergelgroeve-300x225.jpg 300w, https:\/\/destadswal.nl\/wp-content\/uploads\/2021\/02\/Mergelgroeve-768x576.jpg 768w, https:\/\/destadswal.nl\/wp-content\/uploads\/2021\/02\/Mergelgroeve-940x705.jpg 940w, https:\/\/destadswal.nl\/wp-content\/uploads\/2021\/02\/Mergelgroeve-533x400.jpg 533w\" sizes=\"auto, (max-width: 1024px) 100vw, 1024px\" \/><figcaption class=\"wp-element-caption\">Wandelen in Maastricht<\/figcaption><\/figure>\n<\/figure>\n\n\n\n<p>Le Sint Pietersberg avec la carri\u00e8re ENCI est un endroit id\u00e9al pour une belle promenade. Le fameux Pieterpad y passe \u00e9galement. Il est possible de descendre dans la carri\u00e8re en passant par la plate-forme d&#8217;observation du Luikerweg. Vous pouvez \u00e9galement visiter les grottes ou le Fort Sint Pieter. <\/p>\n\n\n\n<p><a href=\"https:\/\/www.visitezmaastricht.fr\/sites\/2146331402\/carriere-enci\" target=\"_blank\" rel=\"noreferrer noopener\">ENCI Groeve | Visitez Maastricht<\/a><\/p>\n\n\n\n<p>Il existe de nombreux autres itin\u00e9raires de randonn\u00e9e dans la r\u00e9gion. Vous trouverez d&#8217;autres suggestions ici:<\/p>\n\n\n\n<p><a href=\"https:\/\/wandelgidszuidlimburg.com\/\" target=\"_blank\" rel=\"noreferrer noopener\">Randonn\u00e9e dans  la r\u00e9gion Zuid-Limburg<\/a><\/p>\n\n\n\n<p class=\"has-white-color has-text-color\">.<\/p>\n\n\n\n<p class=\"has-white-color has-text-color\">.<\/p>\n\n\n\n<h3 class=\"wp-block-heading\"><strong>Routes des vins<\/strong><\/h3>\n\n\n\n<div class=\"wp-block-media-text alignwide is-stacked-on-mobile\" style=\"grid-template-columns:58% auto\"><figure class=\"wp-block-media-text__media\"><img loading=\"lazy\" decoding=\"async\" width=\"1024\" height=\"543\" src=\"https:\/\/destadswal.nl\/wp-content\/uploads\/2021\/02\/IMG_8666-1024x543.jpg\" alt=\"Weekendje Maastricht\" class=\"wp-image-798 size-large\" srcset=\"https:\/\/destadswal.nl\/wp-content\/uploads\/2021\/02\/IMG_8666-1024x543.jpg 1024w, https:\/\/destadswal.nl\/wp-content\/uploads\/2021\/02\/IMG_8666-300x159.jpg 300w, https:\/\/destadswal.nl\/wp-content\/uploads\/2021\/02\/IMG_8666-768x407.jpg 768w, https:\/\/destadswal.nl\/wp-content\/uploads\/2021\/02\/IMG_8666-1536x815.jpg 1536w, https:\/\/destadswal.nl\/wp-content\/uploads\/2021\/02\/IMG_8666-940x499.jpg 940w, https:\/\/destadswal.nl\/wp-content\/uploads\/2021\/02\/IMG_8666-754x400.jpg 754w, https:\/\/destadswal.nl\/wp-content\/uploads\/2021\/02\/IMG_8666.jpg 1944w\" sizes=\"auto, (max-width: 1024px) 100vw, 1024px\" \/><\/figure><div class=\"wp-block-media-text__content\">\n<p>Vous aimez un bon verre de vin et les beaux vignobles? Il n&#8217;est pas n\u00e9cessaire de se rendre dans le sud de la France pour cela. Profitez des collines du Limbourg et d\u00e9couvrez les vins du Limbourg.<\/p>\n\n\n\n<p><a href=\"https:\/\/www.visitzuidlimburg.fr\/#\" target=\"_blank\" rel=\"noreferrer noopener\">Routes des vins<\/a><\/p>\n\n\n\n<p><a href=\"https:\/\/www.apostelhoeve.nl\/\" target=\"_blank\" rel=\"noreferrer noopener\">L&#8217;Apostelhoeve Maastricht<\/a><\/p>\n<\/div><\/div>\n\n\n\n<div style=\"height:33px\" aria-hidden=\"true\" class=\"wp-block-spacer\"><\/div>\n\n\n\n<div class=\"wp-block-cover is-light has-parallax\" style=\"min-height:143px;aspect-ratio:unset;\"><div class=\"wp-block-cover__image-background wp-image-1631 has-parallax\" style=\"background-position:50% 50%;background-image:url(https:\/\/destadswal.nl\/wp-content\/uploads\/2021\/03\/De-Stadswal-muur-detail.jpg)\"><\/div><span aria-hidden=\"true\" class=\"wp-block-cover__background has-background-dim-10 has-background-dim\"><\/span><div class=\"wp-block-cover__inner-container is-layout-flow wp-block-cover-is-layout-flow\">\n<p class=\"has-text-align-center has-white-color has-text-color has-large-font-size\"><strong><a href=\"https:\/\/destadswal.nl\/index.php\/fr\/reservation\/\">R\u00e9server maintenant!<\/a><\/strong><\/p>\n<\/div><\/div>\n","protected":false},"excerpt":{"rendered":"<p>Pour une escapade d&#8217;un week-end \u00e0 Maastricht, il existe de nombreuses options culturelles et culinaires dans cette ville dynamique. Bien entendu, vous ne devez pas limiter votre week-end \u00e0 Maastricht \u00e0 la ville. Le Bed&hellip; <a href=\"https:\/\/destadswal.nl\/index.php\/fr\/activites\/\">More<\/a><\/p>\n","protected":false},"author":1,"featured_media":0,"parent":0,"menu_order":0,"comment_status":"closed","ping_status":"closed","template":"","meta":{"footnotes":""},"class_list":["post-1845","page","type-page","status-publish","hentry"],"yoast_head":"<!-- This site is optimized with the Yoast SEO plugin v27.6 - https:\/\/yoast.com\/product\/yoast-seo-wordpress\/ -->\n<title>Week-end \u00e0 Maastricht : venez faire du shopping et vous promener.<\/title>\n<meta name=\"description\" content=\"Pour un week-end \u00e0 Maastricht, r\u00e9servez le B&amp;B le Stadswal, un B&amp;B tranquille dans le centre de Maastricht avec stationnement pour v\u00e9los.\" \/>\n<meta name=\"robots\" content=\"index, follow, max-snippet:-1, max-image-preview:large, max-video-preview:-1\" \/>\n<link rel=\"canonical\" href=\"https:\/\/destadswal.nl\/index.php\/fr\/activites\/\" \/>\n<meta property=\"og:locale\" content=\"nl_NL\" \/>\n<meta property=\"og:type\" content=\"article\" \/>\n<meta property=\"og:title\" content=\"Week-end \u00e0 Maastricht : venez faire du shopping et vous promener.\" \/>\n<meta property=\"og:description\" content=\"Pour un week-end \u00e0 Maastricht, r\u00e9servez le B&amp;B le Stadswal, un B&amp;B tranquille dans le centre de Maastricht avec stationnement pour v\u00e9los.\" \/>\n<meta property=\"og:url\" content=\"https:\/\/destadswal.nl\/index.php\/fr\/activites\/\" \/>\n<meta property=\"og:site_name\" content=\"B&amp;B de Stadswal Maastricht\" \/>\n<meta property=\"article:modified_time\" content=\"2025-09-01T09:42:33+00:00\" \/>\n<meta property=\"og:image\" content=\"https:\/\/destadswal.nl\/wp-content\/uploads\/2021\/03\/maastricht-stadswal-3.jpg\" \/>\n\t<meta property=\"og:image:width\" content=\"1000\" \/>\n\t<meta property=\"og:image:height\" content=\"667\" \/>\n\t<meta property=\"og:image:type\" content=\"image\/jpeg\" \/>\n<meta name=\"twitter:card\" content=\"summary_large_image\" \/>\n<meta name=\"twitter:label1\" content=\"Verwachte leestijd\" \/>\n\t<meta name=\"twitter:data1\" content=\"4 minuten\" \/>\n<script type=\"application\/ld+json\" class=\"yoast-schema-graph\">{\"@context\":\"https:\\\/\\\/schema.org\",\"@graph\":[{\"@type\":\"WebPage\",\"@id\":\"https:\\\/\\\/destadswal.nl\\\/index.php\\\/fr\\\/activites\\\/\",\"url\":\"https:\\\/\\\/destadswal.nl\\\/index.php\\\/fr\\\/activites\\\/\",\"name\":\"Week-end \u00e0 Maastricht : venez faire du shopping et vous promener.\",\"isPartOf\":{\"@id\":\"https:\\\/\\\/destadswal.nl\\\/#website\"},\"primaryImageOfPage\":{\"@id\":\"https:\\\/\\\/destadswal.nl\\\/index.php\\\/fr\\\/activites\\\/#primaryimage\"},\"image\":{\"@id\":\"https:\\\/\\\/destadswal.nl\\\/index.php\\\/fr\\\/activites\\\/#primaryimage\"},\"thumbnailUrl\":\"https:\\\/\\\/destadswal.nl\\\/wp-content\\\/uploads\\\/2021\\\/03\\\/maastricht-stadswal-3.jpg\",\"datePublished\":\"2021-04-14T10:41:56+00:00\",\"dateModified\":\"2025-09-01T09:42:33+00:00\",\"description\":\"Pour un week-end \u00e0 Maastricht, r\u00e9servez le B&B le Stadswal, un B&B tranquille dans le centre de Maastricht avec stationnement pour v\u00e9los.\",\"breadcrumb\":{\"@id\":\"https:\\\/\\\/destadswal.nl\\\/index.php\\\/fr\\\/activites\\\/#breadcrumb\"},\"inLanguage\":\"nl-NL\",\"potentialAction\":[{\"@type\":\"ReadAction\",\"target\":[\"https:\\\/\\\/destadswal.nl\\\/index.php\\\/fr\\\/activites\\\/\"]}]},{\"@type\":\"ImageObject\",\"inLanguage\":\"nl-NL\",\"@id\":\"https:\\\/\\\/destadswal.nl\\\/index.php\\\/fr\\\/activites\\\/#primaryimage\",\"url\":\"https:\\\/\\\/destadswal.nl\\\/wp-content\\\/uploads\\\/2021\\\/03\\\/maastricht-stadswal-3.jpg\",\"contentUrl\":\"https:\\\/\\\/destadswal.nl\\\/wp-content\\\/uploads\\\/2021\\\/03\\\/maastricht-stadswal-3.jpg\",\"width\":1000,\"height\":667},{\"@type\":\"BreadcrumbList\",\"@id\":\"https:\\\/\\\/destadswal.nl\\\/index.php\\\/fr\\\/activites\\\/#breadcrumb\",\"itemListElement\":[{\"@type\":\"ListItem\",\"position\":1,\"name\":\"Home\",\"item\":\"https:\\\/\\\/destadswal.nl\\\/\"},{\"@type\":\"ListItem\",\"position\":2,\"name\":\"Activit\u00e9s\"}]},{\"@type\":\"WebSite\",\"@id\":\"https:\\\/\\\/destadswal.nl\\\/#website\",\"url\":\"https:\\\/\\\/destadswal.nl\\\/\",\"name\":\"B&amp;B de Stadswal Maastricht\",\"description\":\"Bed and Breakfast in het centrum van Maastricht\",\"potentialAction\":[{\"@type\":\"SearchAction\",\"target\":{\"@type\":\"EntryPoint\",\"urlTemplate\":\"https:\\\/\\\/destadswal.nl\\\/?s={search_term_string}\"},\"query-input\":{\"@type\":\"PropertyValueSpecification\",\"valueRequired\":true,\"valueName\":\"search_term_string\"}}],\"inLanguage\":\"nl-NL\"}]}<\/script>\n<!-- \/ Yoast SEO plugin. -->","yoast_head_json":{"title":"Week-end \u00e0 Maastricht : venez faire du shopping et vous promener.","description":"Pour un week-end \u00e0 Maastricht, r\u00e9servez le B&B le Stadswal, un B&B tranquille dans le centre de Maastricht avec stationnement pour v\u00e9los.","robots":{"index":"index","follow":"follow","max-snippet":"max-snippet:-1","max-image-preview":"max-image-preview:large","max-video-preview":"max-video-preview:-1"},"canonical":"https:\/\/destadswal.nl\/index.php\/fr\/activites\/","og_locale":"nl_NL","og_type":"article","og_title":"Week-end \u00e0 Maastricht : venez faire du shopping et vous promener.","og_description":"Pour un week-end \u00e0 Maastricht, r\u00e9servez le B&B le Stadswal, un B&B tranquille dans le centre de Maastricht avec stationnement pour v\u00e9los.","og_url":"https:\/\/destadswal.nl\/index.php\/fr\/activites\/","og_site_name":"B&amp;B de Stadswal Maastricht","article_modified_time":"2025-09-01T09:42:33+00:00","og_image":[{"width":1000,"height":667,"url":"https:\/\/destadswal.nl\/wp-content\/uploads\/2021\/03\/maastricht-stadswal-3.jpg","type":"image\/jpeg"}],"twitter_card":"summary_large_image","twitter_misc":{"Verwachte leestijd":"4 minuten"},"schema":{"@context":"https:\/\/schema.org","@graph":[{"@type":"WebPage","@id":"https:\/\/destadswal.nl\/index.php\/fr\/activites\/","url":"https:\/\/destadswal.nl\/index.php\/fr\/activites\/","name":"Week-end \u00e0 Maastricht : venez faire du shopping et vous promener.","isPartOf":{"@id":"https:\/\/destadswal.nl\/#website"},"primaryImageOfPage":{"@id":"https:\/\/destadswal.nl\/index.php\/fr\/activites\/#primaryimage"},"image":{"@id":"https:\/\/destadswal.nl\/index.php\/fr\/activites\/#primaryimage"},"thumbnailUrl":"https:\/\/destadswal.nl\/wp-content\/uploads\/2021\/03\/maastricht-stadswal-3.jpg","datePublished":"2021-04-14T10:41:56+00:00","dateModified":"2025-09-01T09:42:33+00:00","description":"Pour un week-end \u00e0 Maastricht, r\u00e9servez le B&B le Stadswal, un B&B tranquille dans le centre de Maastricht avec stationnement pour v\u00e9los.","breadcrumb":{"@id":"https:\/\/destadswal.nl\/index.php\/fr\/activites\/#breadcrumb"},"inLanguage":"nl-NL","potentialAction":[{"@type":"ReadAction","target":["https:\/\/destadswal.nl\/index.php\/fr\/activites\/"]}]},{"@type":"ImageObject","inLanguage":"nl-NL","@id":"https:\/\/destadswal.nl\/index.php\/fr\/activites\/#primaryimage","url":"https:\/\/destadswal.nl\/wp-content\/uploads\/2021\/03\/maastricht-stadswal-3.jpg","contentUrl":"https:\/\/destadswal.nl\/wp-content\/uploads\/2021\/03\/maastricht-stadswal-3.jpg","width":1000,"height":667},{"@type":"BreadcrumbList","@id":"https:\/\/destadswal.nl\/index.php\/fr\/activites\/#breadcrumb","itemListElement":[{"@type":"ListItem","position":1,"name":"Home","item":"https:\/\/destadswal.nl\/"},{"@type":"ListItem","position":2,"name":"Activit\u00e9s"}]},{"@type":"WebSite","@id":"https:\/\/destadswal.nl\/#website","url":"https:\/\/destadswal.nl\/","name":"B&amp;B de Stadswal Maastricht","description":"Bed and Breakfast in het centrum van Maastricht","potentialAction":[{"@type":"SearchAction","target":{"@type":"EntryPoint","urlTemplate":"https:\/\/destadswal.nl\/?s={search_term_string}"},"query-input":{"@type":"PropertyValueSpecification","valueRequired":true,"valueName":"search_term_string"}}],"inLanguage":"nl-NL"}]}},"_links":{"self":[{"href":"https:\/\/destadswal.nl\/index.php\/wp-json\/wp\/v2\/pages\/1845","targetHints":{"allow":["GET"]}}],"collection":[{"href":"https:\/\/destadswal.nl\/index.php\/wp-json\/wp\/v2\/pages"}],"about":[{"href":"https:\/\/destadswal.nl\/index.php\/wp-json\/wp\/v2\/types\/page"}],"author":[{"embeddable":true,"href":"https:\/\/destadswal.nl\/index.php\/wp-json\/wp\/v2\/users\/1"}],"replies":[{"embeddable":true,"href":"https:\/\/destadswal.nl\/index.php\/wp-json\/wp\/v2\/comments?post=1845"}],"version-history":[{"count":12,"href":"https:\/\/destadswal.nl\/index.php\/wp-json\/wp\/v2\/pages\/1845\/revisions"}],"predecessor-version":[{"id":2373,"href":"https:\/\/destadswal.nl\/index.php\/wp-json\/wp\/v2\/pages\/1845\/revisions\/2373"}],"wp:attachment":[{"href":"https:\/\/destadswal.nl\/index.php\/wp-json\/wp\/v2\/media?parent=1845"}],"curies":[{"name":"wp","href":"https:\/\/api.w.org\/{rel}","templated":true}]}}