{"id":1848,"date":"2021-04-14T11:47:27","date_gmt":"2021-04-14T10:47:27","guid":{"rendered":"https:\/\/destadswal.nl\/?page_id=1848"},"modified":"2024-01-22T20:49:56","modified_gmt":"2024-01-22T19:49:56","slug":"a-propos","status":"publish","type":"page","link":"https:\/\/destadswal.nl\/index.php\/fr\/a-propos\/","title":{"rendered":"\u00c0 propos"},"content":{"rendered":"\n<div class=\"wp-block-columns is-layout-flex wp-container-core-columns-is-layout-9d6595d7 wp-block-columns-is-layout-flex\">\n<div class=\"wp-block-column is-layout-flow wp-block-column-is-layout-flow\">\n<p>Bienvenue dans notre Bed and Breakfast \u00e0 Maastricht!<\/p>\n\n\n\n<p><\/p>\n\n\n\n<p>Nous sommes Anneke et Enrico, une femme venant de Brabant et un homme de Groningen, qui se sont rencontr\u00e9s dans le cadre de leur travail \u00e0 Maastricht. Pour notre travail, nous avons tous deux beaucoup voyag\u00e9 et avons v\u00e9cu en Suisse pendant onze ans, avec notre fille Elena. Une fois de retour dans notre ch\u00e8re Maastricht, nous sommes tomb\u00e9s amoureux d&#8217;un magnifique b\u00e2timent historique dans le centre-ville. Le b\u00e2timent poss\u00e8de un jardin unique avec un morceau de l&#8217;ancien mur de la ville.<\/p>\n<\/div>\n\n\n\n<div class=\"wp-block-column is-layout-flow wp-block-column-is-layout-flow\"><div class=\"wp-block-image is-style-default\">\n<figure class=\"alignright size-large is-resized\"><img loading=\"lazy\" decoding=\"async\" width=\"642\" height=\"1024\" src=\"https:\/\/destadswal.nl\/wp-content\/uploads\/2021\/02\/Over-ons-bijgewerkt-2-642x1024.jpg\" alt=\"Bed and Breakfast in Maastricht\" class=\"wp-image-949\" style=\"width:281px;height:447px\" srcset=\"https:\/\/destadswal.nl\/wp-content\/uploads\/2021\/02\/Over-ons-bijgewerkt-2-642x1024.jpg 642w, https:\/\/destadswal.nl\/wp-content\/uploads\/2021\/02\/Over-ons-bijgewerkt-2-188x300.jpg 188w, https:\/\/destadswal.nl\/wp-content\/uploads\/2021\/02\/Over-ons-bijgewerkt-2-768x1224.jpg 768w, https:\/\/destadswal.nl\/wp-content\/uploads\/2021\/02\/Over-ons-bijgewerkt-2-963x1536.jpg 963w, https:\/\/destadswal.nl\/wp-content\/uploads\/2021\/02\/Over-ons-bijgewerkt-2-1285x2048.jpg 1285w, https:\/\/destadswal.nl\/wp-content\/uploads\/2021\/02\/Over-ons-bijgewerkt-2-940x1499.jpg 940w, https:\/\/destadswal.nl\/wp-content\/uploads\/2021\/02\/Over-ons-bijgewerkt-2-251x400.jpg 251w, https:\/\/destadswal.nl\/wp-content\/uploads\/2021\/02\/Over-ons-bijgewerkt-2-scaled.jpg 1606w\" sizes=\"auto, (max-width: 642px) 100vw, 642px\" \/><\/figure>\n<\/div><\/div>\n<\/div>\n\n\n\n<p>L&#8217;amour pour les murs historiques de la ville est rapidement n\u00e9, y compris le projet de cr\u00e9er un Bed and Breakfast \u00e0 Maastricht. Avec les nombreuses exp\u00e9riences de voyage en t\u00eate, nous avons un bon sens de l&#8217;hospitalit\u00e9 et plein d&#8217;id\u00e9es pour donner aux voyageurs un sentiment chaleureux de chez eux.<\/p>\n\n\n\n<div style=\"height:28px\" aria-hidden=\"true\" class=\"wp-block-spacer\"><\/div>\n\n\n\n<figure class=\"wp-block-gallery alignleft has-nested-images columns-default is-cropped wp-block-gallery-1 is-layout-flex wp-block-gallery-is-layout-flex\">\n<figure class=\"wp-block-image size-large is-style-default\"><img loading=\"lazy\" decoding=\"async\" width=\"768\" height=\"1024\" data-id=\"962\" src=\"https:\/\/destadswal.nl\/wp-content\/uploads\/2021\/02\/Enrico-768x1024.jpg\" alt=\"\" class=\"wp-image-962\" srcset=\"https:\/\/destadswal.nl\/wp-content\/uploads\/2021\/02\/Enrico-768x1024.jpg 768w, https:\/\/destadswal.nl\/wp-content\/uploads\/2021\/02\/Enrico-225x300.jpg 225w, https:\/\/destadswal.nl\/wp-content\/uploads\/2021\/02\/Enrico-1152x1536.jpg 1152w, https:\/\/destadswal.nl\/wp-content\/uploads\/2021\/02\/Enrico-1536x2048.jpg 1536w, https:\/\/destadswal.nl\/wp-content\/uploads\/2021\/02\/Enrico-940x1253.jpg 940w, https:\/\/destadswal.nl\/wp-content\/uploads\/2021\/02\/Enrico-300x400.jpg 300w, https:\/\/destadswal.nl\/wp-content\/uploads\/2021\/02\/Enrico-scaled.jpg 1920w\" sizes=\"auto, (max-width: 768px) 100vw, 768px\" \/><\/figure>\n\n\n\n<figure class=\"wp-block-image size-large is-style-default\"><img loading=\"lazy\" decoding=\"async\" width=\"768\" height=\"1024\" data-id=\"960\" src=\"https:\/\/destadswal.nl\/wp-content\/uploads\/2021\/02\/Anneke-768x1024.jpg\" alt=\"\" class=\"wp-image-960\" srcset=\"https:\/\/destadswal.nl\/wp-content\/uploads\/2021\/02\/Anneke-768x1024.jpg 768w, https:\/\/destadswal.nl\/wp-content\/uploads\/2021\/02\/Anneke-225x300.jpg 225w, https:\/\/destadswal.nl\/wp-content\/uploads\/2021\/02\/Anneke-1152x1536.jpg 1152w, https:\/\/destadswal.nl\/wp-content\/uploads\/2021\/02\/Anneke-940x1253.jpg 940w, https:\/\/destadswal.nl\/wp-content\/uploads\/2021\/02\/Anneke-300x400.jpg 300w, https:\/\/destadswal.nl\/wp-content\/uploads\/2021\/02\/Anneke.jpg 1200w\" sizes=\"auto, (max-width: 768px) 100vw, 768px\" \/><\/figure>\n<\/figure>\n\n\n\n<p class=\"has-text-align-left\">Outre le fait de dorloter les gens, le jardinage, en particulier les herbes aromatiques, est un grand hobby d&#8217;Anneke. Cela se refl\u00e8te dans la conception du B&amp;B, et vous pouvez le go\u00fbter. Les amoureux pourront d\u00e9guster une tasse de th\u00e9 \u00e0 la menthe ou \u00e0 la verveine, ou de la confiture de lavande. Il est \u00e9galement possible de d\u00e9guster une tasse de caf\u00e9 ou un verre de vin dans le jardin d&#8217;herbes aromatiques qui surplombe la muraille historique de la ville.<\/p>\n\n\n\n<div class=\"wp-block-columns is-layout-flex wp-container-core-columns-is-layout-9d6595d7 wp-block-columns-is-layout-flex\">\n<div class=\"wp-block-column is-layout-flow wp-block-column-is-layout-flow\">\n<figure class=\"wp-block-image size-large is-style-default\"><img loading=\"lazy\" decoding=\"async\" width=\"768\" height=\"1024\" src=\"https:\/\/destadswal.nl\/wp-content\/uploads\/2024\/01\/kruiden-uit-eigen-tuin-4-768x1024.jpg\" alt=\"\" class=\"wp-image-2187\" srcset=\"https:\/\/destadswal.nl\/wp-content\/uploads\/2024\/01\/kruiden-uit-eigen-tuin-4-768x1024.jpg 768w, https:\/\/destadswal.nl\/wp-content\/uploads\/2024\/01\/kruiden-uit-eigen-tuin-4-225x300.jpg 225w, https:\/\/destadswal.nl\/wp-content\/uploads\/2024\/01\/kruiden-uit-eigen-tuin-4-1152x1536.jpg 1152w, https:\/\/destadswal.nl\/wp-content\/uploads\/2024\/01\/kruiden-uit-eigen-tuin-4-1536x2048.jpg 1536w, https:\/\/destadswal.nl\/wp-content\/uploads\/2024\/01\/kruiden-uit-eigen-tuin-4-940x1253.jpg 940w, https:\/\/destadswal.nl\/wp-content\/uploads\/2024\/01\/kruiden-uit-eigen-tuin-4-300x400.jpg 300w, https:\/\/destadswal.nl\/wp-content\/uploads\/2024\/01\/kruiden-uit-eigen-tuin-4-scaled.jpg 1920w\" sizes=\"auto, (max-width: 768px) 100vw, 768px\" \/><\/figure>\n<\/div>\n\n\n\n<div class=\"wp-block-column is-layout-flow wp-block-column-is-layout-flow\">\n<figure class=\"wp-block-image size-large is-style-default\"><img loading=\"lazy\" decoding=\"async\" width=\"768\" height=\"1024\" src=\"https:\/\/destadswal.nl\/wp-content\/uploads\/2024\/01\/komkommertijd-2-768x1024.jpg\" alt=\"\" class=\"wp-image-2188\" srcset=\"https:\/\/destadswal.nl\/wp-content\/uploads\/2024\/01\/komkommertijd-2-768x1024.jpg 768w, https:\/\/destadswal.nl\/wp-content\/uploads\/2024\/01\/komkommertijd-2-225x300.jpg 225w, https:\/\/destadswal.nl\/wp-content\/uploads\/2024\/01\/komkommertijd-2-1152x1536.jpg 1152w, https:\/\/destadswal.nl\/wp-content\/uploads\/2024\/01\/komkommertijd-2-1536x2048.jpg 1536w, https:\/\/destadswal.nl\/wp-content\/uploads\/2024\/01\/komkommertijd-2-940x1253.jpg 940w, https:\/\/destadswal.nl\/wp-content\/uploads\/2024\/01\/komkommertijd-2-300x400.jpg 300w, https:\/\/destadswal.nl\/wp-content\/uploads\/2024\/01\/komkommertijd-2-scaled.jpg 1920w\" sizes=\"auto, (max-width: 768px) 100vw, 768px\" \/><\/figure>\n<\/div>\n\n\n\n<div class=\"wp-block-column is-layout-flow wp-block-column-is-layout-flow\">\n<figure class=\"wp-block-image size-large is-style-default\"><img loading=\"lazy\" decoding=\"async\" width=\"768\" height=\"1024\" src=\"https:\/\/destadswal.nl\/wp-content\/uploads\/2024\/01\/Hop-1-768x1024.jpg\" alt=\"\" class=\"wp-image-2189\" srcset=\"https:\/\/destadswal.nl\/wp-content\/uploads\/2024\/01\/Hop-1-768x1024.jpg 768w, https:\/\/destadswal.nl\/wp-content\/uploads\/2024\/01\/Hop-1-225x300.jpg 225w, https:\/\/destadswal.nl\/wp-content\/uploads\/2024\/01\/Hop-1-1152x1536.jpg 1152w, https:\/\/destadswal.nl\/wp-content\/uploads\/2024\/01\/Hop-1-1536x2048.jpg 1536w, https:\/\/destadswal.nl\/wp-content\/uploads\/2024\/01\/Hop-1-940x1253.jpg 940w, https:\/\/destadswal.nl\/wp-content\/uploads\/2024\/01\/Hop-1-300x400.jpg 300w, https:\/\/destadswal.nl\/wp-content\/uploads\/2024\/01\/Hop-1-scaled.jpg 1920w\" sizes=\"auto, (max-width: 768px) 100vw, 768px\" \/><\/figure>\n<\/div>\n<\/div>\n\n\n\n<div style=\"height:30px\" aria-hidden=\"true\" class=\"wp-block-spacer\"><\/div>\n\n\n\n<div class=\"wp-block-cover is-light has-parallax\" style=\"min-height:143px;aspect-ratio:unset;\"><span aria-hidden=\"true\" class=\"wp-block-cover__background has-background-dim-10 has-background-dim\"><\/span><div role=\"img\" class=\"wp-block-cover__image-background wp-image-1631 has-parallax\" style=\"background-position:50% 50%;background-image:url(https:\/\/destadswal.nl\/wp-content\/uploads\/2021\/03\/De-Stadswal-muur-detail.jpg)\"><\/div><div class=\"wp-block-cover__inner-container is-layout-flow wp-block-cover-is-layout-flow\">\n<p class=\"has-text-align-center has-white-color has-text-color has-large-font-size\"><strong><a href=\"https:\/\/destadswal.nl\/index.php\/fr\/reservation\/\">R\u00e9server maintenant!<\/a><\/strong><\/p>\n<\/div><\/div>\n\n\n\n<p class=\"has-text-align-center\"><a href=\"https:\/\/www.google.nl\/maps\/place\/Brusselsestraat+3A,+6211+PA+Maastricht\/@50.8496146,5.6833755,17z\/data=!3m1!4b1!4m5!3m4!1s0x47c0e9b6e3d7871f:0xdf4a1ba4399dd611!8m2!3d50.8496146!4d5.6855642\" target=\"_blank\" rel=\"noreferrer noopener\">Regardez ici pour notre localisation<\/a><\/p>\n","protected":false},"excerpt":{"rendered":"<p>Bienvenue dans notre Bed and Breakfast \u00e0 Maastricht! Nous sommes Anneke et Enrico, une femme venant de Brabant et un homme de Groningen, qui se sont rencontr\u00e9s dans le cadre de leur travail \u00e0 Maastricht.&hellip; <a href=\"https:\/\/destadswal.nl\/index.php\/fr\/a-propos\/\">More<\/a><\/p>\n","protected":false},"author":1,"featured_media":0,"parent":0,"menu_order":0,"comment_status":"closed","ping_status":"closed","template":"","meta":{"footnotes":""},"class_list":["post-1848","page","type-page","status-publish","hentry"],"yoast_head":"<!-- This site is optimized with the Yoast SEO plugin v27.6 - https:\/\/yoast.com\/product\/yoast-seo-wordpress\/ -->\n<title>Chambres d&#039;h\u00f4tes \u00e0 Maastricht : r\u00e9servez maintenant le Stadswal<\/title>\n<meta name=\"description\" content=\"B&amp;B Maastricht, un B&amp;B tranquille dans le centre de Maastricht, maison d&#039;h\u00f4tes de Stadswal, r\u00e9server une chambre avec parking pour v\u00e9los.\" \/>\n<meta name=\"robots\" content=\"index, follow, max-snippet:-1, max-image-preview:large, max-video-preview:-1\" \/>\n<link rel=\"canonical\" href=\"https:\/\/destadswal.nl\/index.php\/fr\/a-propos\/\" \/>\n<meta property=\"og:locale\" content=\"nl_NL\" \/>\n<meta property=\"og:type\" content=\"article\" \/>\n<meta property=\"og:title\" content=\"Chambres d&#039;h\u00f4tes \u00e0 Maastricht : r\u00e9servez maintenant le Stadswal\" \/>\n<meta property=\"og:description\" content=\"B&amp;B Maastricht, un B&amp;B tranquille dans le centre de Maastricht, maison d&#039;h\u00f4tes de Stadswal, r\u00e9server une chambre avec parking pour v\u00e9los.\" \/>\n<meta property=\"og:url\" content=\"https:\/\/destadswal.nl\/index.php\/fr\/a-propos\/\" \/>\n<meta property=\"og:site_name\" content=\"B&amp;B de Stadswal Maastricht\" \/>\n<meta property=\"article:modified_time\" content=\"2024-01-22T19:49:56+00:00\" \/>\n<meta property=\"og:image\" content=\"https:\/\/destadswal.nl\/wp-content\/uploads\/2021\/02\/Over-ons-bijgewerkt-2-642x1024.jpg\" \/>\n<meta name=\"twitter:card\" content=\"summary_large_image\" \/>\n<meta name=\"twitter:label1\" content=\"Verwachte leestijd\" \/>\n\t<meta name=\"twitter:data1\" content=\"3 minuten\" \/>\n<script type=\"application\/ld+json\" class=\"yoast-schema-graph\">{\"@context\":\"https:\\\/\\\/schema.org\",\"@graph\":[{\"@type\":\"WebPage\",\"@id\":\"https:\\\/\\\/destadswal.nl\\\/index.php\\\/fr\\\/a-propos\\\/\",\"url\":\"https:\\\/\\\/destadswal.nl\\\/index.php\\\/fr\\\/a-propos\\\/\",\"name\":\"Chambres d'h\u00f4tes \u00e0 Maastricht : r\u00e9servez maintenant le Stadswal\",\"isPartOf\":{\"@id\":\"https:\\\/\\\/destadswal.nl\\\/#website\"},\"primaryImageOfPage\":{\"@id\":\"https:\\\/\\\/destadswal.nl\\\/index.php\\\/fr\\\/a-propos\\\/#primaryimage\"},\"image\":{\"@id\":\"https:\\\/\\\/destadswal.nl\\\/index.php\\\/fr\\\/a-propos\\\/#primaryimage\"},\"thumbnailUrl\":\"https:\\\/\\\/destadswal.nl\\\/wp-content\\\/uploads\\\/2021\\\/02\\\/Over-ons-bijgewerkt-2-642x1024.jpg\",\"datePublished\":\"2021-04-14T10:47:27+00:00\",\"dateModified\":\"2024-01-22T19:49:56+00:00\",\"description\":\"B&B Maastricht, un B&B tranquille dans le centre de Maastricht, maison d'h\u00f4tes de Stadswal, r\u00e9server une chambre avec parking pour v\u00e9los.\",\"breadcrumb\":{\"@id\":\"https:\\\/\\\/destadswal.nl\\\/index.php\\\/fr\\\/a-propos\\\/#breadcrumb\"},\"inLanguage\":\"nl-NL\",\"potentialAction\":[{\"@type\":\"ReadAction\",\"target\":[\"https:\\\/\\\/destadswal.nl\\\/index.php\\\/fr\\\/a-propos\\\/\"]}]},{\"@type\":\"ImageObject\",\"inLanguage\":\"nl-NL\",\"@id\":\"https:\\\/\\\/destadswal.nl\\\/index.php\\\/fr\\\/a-propos\\\/#primaryimage\",\"url\":\"https:\\\/\\\/destadswal.nl\\\/wp-content\\\/uploads\\\/2021\\\/02\\\/Over-ons-bijgewerkt-2-642x1024.jpg\",\"contentUrl\":\"https:\\\/\\\/destadswal.nl\\\/wp-content\\\/uploads\\\/2021\\\/02\\\/Over-ons-bijgewerkt-2-642x1024.jpg\"},{\"@type\":\"BreadcrumbList\",\"@id\":\"https:\\\/\\\/destadswal.nl\\\/index.php\\\/fr\\\/a-propos\\\/#breadcrumb\",\"itemListElement\":[{\"@type\":\"ListItem\",\"position\":1,\"name\":\"Home\",\"item\":\"https:\\\/\\\/destadswal.nl\\\/\"},{\"@type\":\"ListItem\",\"position\":2,\"name\":\"\u00c0 propos\"}]},{\"@type\":\"WebSite\",\"@id\":\"https:\\\/\\\/destadswal.nl\\\/#website\",\"url\":\"https:\\\/\\\/destadswal.nl\\\/\",\"name\":\"B&amp;B de Stadswal Maastricht\",\"description\":\"Bed and Breakfast in het centrum van Maastricht\",\"potentialAction\":[{\"@type\":\"SearchAction\",\"target\":{\"@type\":\"EntryPoint\",\"urlTemplate\":\"https:\\\/\\\/destadswal.nl\\\/?s={search_term_string}\"},\"query-input\":{\"@type\":\"PropertyValueSpecification\",\"valueRequired\":true,\"valueName\":\"search_term_string\"}}],\"inLanguage\":\"nl-NL\"}]}<\/script>\n<!-- \/ Yoast SEO plugin. -->","yoast_head_json":{"title":"Chambres d'h\u00f4tes \u00e0 Maastricht : r\u00e9servez maintenant le Stadswal","description":"B&B Maastricht, un B&B tranquille dans le centre de Maastricht, maison d'h\u00f4tes de Stadswal, r\u00e9server une chambre avec parking pour v\u00e9los.","robots":{"index":"index","follow":"follow","max-snippet":"max-snippet:-1","max-image-preview":"max-image-preview:large","max-video-preview":"max-video-preview:-1"},"canonical":"https:\/\/destadswal.nl\/index.php\/fr\/a-propos\/","og_locale":"nl_NL","og_type":"article","og_title":"Chambres d'h\u00f4tes \u00e0 Maastricht : r\u00e9servez maintenant le Stadswal","og_description":"B&B Maastricht, un B&B tranquille dans le centre de Maastricht, maison d'h\u00f4tes de Stadswal, r\u00e9server une chambre avec parking pour v\u00e9los.","og_url":"https:\/\/destadswal.nl\/index.php\/fr\/a-propos\/","og_site_name":"B&amp;B de Stadswal Maastricht","article_modified_time":"2024-01-22T19:49:56+00:00","og_image":[{"url":"https:\/\/destadswal.nl\/wp-content\/uploads\/2021\/02\/Over-ons-bijgewerkt-2-642x1024.jpg","type":"","width":"","height":""}],"twitter_card":"summary_large_image","twitter_misc":{"Verwachte leestijd":"3 minuten"},"schema":{"@context":"https:\/\/schema.org","@graph":[{"@type":"WebPage","@id":"https:\/\/destadswal.nl\/index.php\/fr\/a-propos\/","url":"https:\/\/destadswal.nl\/index.php\/fr\/a-propos\/","name":"Chambres d'h\u00f4tes \u00e0 Maastricht : r\u00e9servez maintenant le Stadswal","isPartOf":{"@id":"https:\/\/destadswal.nl\/#website"},"primaryImageOfPage":{"@id":"https:\/\/destadswal.nl\/index.php\/fr\/a-propos\/#primaryimage"},"image":{"@id":"https:\/\/destadswal.nl\/index.php\/fr\/a-propos\/#primaryimage"},"thumbnailUrl":"https:\/\/destadswal.nl\/wp-content\/uploads\/2021\/02\/Over-ons-bijgewerkt-2-642x1024.jpg","datePublished":"2021-04-14T10:47:27+00:00","dateModified":"2024-01-22T19:49:56+00:00","description":"B&B Maastricht, un B&B tranquille dans le centre de Maastricht, maison d'h\u00f4tes de Stadswal, r\u00e9server une chambre avec parking pour v\u00e9los.","breadcrumb":{"@id":"https:\/\/destadswal.nl\/index.php\/fr\/a-propos\/#breadcrumb"},"inLanguage":"nl-NL","potentialAction":[{"@type":"ReadAction","target":["https:\/\/destadswal.nl\/index.php\/fr\/a-propos\/"]}]},{"@type":"ImageObject","inLanguage":"nl-NL","@id":"https:\/\/destadswal.nl\/index.php\/fr\/a-propos\/#primaryimage","url":"https:\/\/destadswal.nl\/wp-content\/uploads\/2021\/02\/Over-ons-bijgewerkt-2-642x1024.jpg","contentUrl":"https:\/\/destadswal.nl\/wp-content\/uploads\/2021\/02\/Over-ons-bijgewerkt-2-642x1024.jpg"},{"@type":"BreadcrumbList","@id":"https:\/\/destadswal.nl\/index.php\/fr\/a-propos\/#breadcrumb","itemListElement":[{"@type":"ListItem","position":1,"name":"Home","item":"https:\/\/destadswal.nl\/"},{"@type":"ListItem","position":2,"name":"\u00c0 propos"}]},{"@type":"WebSite","@id":"https:\/\/destadswal.nl\/#website","url":"https:\/\/destadswal.nl\/","name":"B&amp;B de Stadswal Maastricht","description":"Bed and Breakfast in het centrum van Maastricht","potentialAction":[{"@type":"SearchAction","target":{"@type":"EntryPoint","urlTemplate":"https:\/\/destadswal.nl\/?s={search_term_string}"},"query-input":{"@type":"PropertyValueSpecification","valueRequired":true,"valueName":"search_term_string"}}],"inLanguage":"nl-NL"}]}},"_links":{"self":[{"href":"https:\/\/destadswal.nl\/index.php\/wp-json\/wp\/v2\/pages\/1848","targetHints":{"allow":["GET"]}}],"collection":[{"href":"https:\/\/destadswal.nl\/index.php\/wp-json\/wp\/v2\/pages"}],"about":[{"href":"https:\/\/destadswal.nl\/index.php\/wp-json\/wp\/v2\/types\/page"}],"author":[{"embeddable":true,"href":"https:\/\/destadswal.nl\/index.php\/wp-json\/wp\/v2\/users\/1"}],"replies":[{"embeddable":true,"href":"https:\/\/destadswal.nl\/index.php\/wp-json\/wp\/v2\/comments?post=1848"}],"version-history":[{"count":7,"href":"https:\/\/destadswal.nl\/index.php\/wp-json\/wp\/v2\/pages\/1848\/revisions"}],"predecessor-version":[{"id":2190,"href":"https:\/\/destadswal.nl\/index.php\/wp-json\/wp\/v2\/pages\/1848\/revisions\/2190"}],"wp:attachment":[{"href":"https:\/\/destadswal.nl\/index.php\/wp-json\/wp\/v2\/media?parent=1848"}],"curies":[{"name":"wp","href":"https:\/\/api.w.org\/{rel}","templated":true}]}}