{"id":1851,"date":"2021-04-14T11:54:18","date_gmt":"2021-04-14T10:54:18","guid":{"rendered":"https:\/\/destadswal.nl\/?page_id=1851"},"modified":"2022-02-09T13:04:03","modified_gmt":"2022-02-09T12:04:03","slug":"livre-dor","status":"publish","type":"page","link":"https:\/\/destadswal.nl\/index.php\/fr\/livre-dor\/","title":{"rendered":"Livre d&#8217;or"},"content":{"rendered":"\n<p>Vous trouverez ci-dessous quelques r\u00e9actions de clients qui ont s\u00e9journ\u00e9 dans notre unique et tranquille B&amp;B \u00e0 Maastricht. Nous esp\u00e9rons que vous passerez \u00e9galement un agr\u00e9able s\u00e9jour!<\/p>\n\n\n\n<div style=\"height:18px\" aria-hidden=\"true\" class=\"wp-block-spacer\"><\/div>\n\n\n\n<p>Hilde:<\/p>\n\n\n\n<blockquote class=\"wp-block-quote is-layout-flow wp-block-quote-is-layout-flow\"><p>&#8220;Fantastique d&#8217;\u00eatre avec votre famille dans un si grand B&amp;B au milieu de Maastricht. Nous sommes tellement g\u00e2t\u00e9s. Ce fut un week-end super amusant pour notre famille malgr\u00e9 le covid, nous avons Maastricht et le B&amp;B v\u00e9cu comme parfait. En plein centre mais agr\u00e9able et tranquille avec un jardin unique. Nous aimons revenir ici.&#8221;<\/p><\/blockquote>\n\n\n\n<p>Thea:<\/p>\n\n\n\n<blockquote class=\"wp-block-quote is-layout-flow wp-block-quote-is-layout-flow\"><p>&#8220;Emplacement parfait, grands lits et beaucoup d&#8217;ambiance. Cela n&#8217;aurait pas pu \u00eatre mieux!&#8221;<\/p><\/blockquote>\n\n\n\n<p>Ria: <\/p>\n\n\n\n<blockquote class=\"wp-block-quote is-layout-flow wp-block-quote-is-layout-flow\"><p>&#8220;Une oasis de paix au c\u0153ur de Maastricht, avec les cloches et le carillon de Saint-Servatius en arri\u00e8re-plan. Un lieu unique dans une ville unique avec une hospitalit\u00e9 unique&#8221;.<\/p><\/blockquote>\n\n\n\n<p>Merel: <\/p>\n\n\n\n<blockquote class=\"wp-block-quote is-layout-flow wp-block-quote-is-layout-flow\"><p>&#8220;Nous ne pouvons pas imaginer un endroit plus agr\u00e9able pour passer un long week-end \u00e0 Maastricht. Un joyau dans l&#8217;une des plus belles villes que notre pays ait \u00e0 offrir.&#8221;<\/p><\/blockquote>\n\n\n\n<p>Lydia:<\/p>\n\n\n\n<blockquote class=\"wp-block-quote is-layout-flow wp-block-quote-is-layout-flow\"><p>&#8220;Super ! Le propri\u00e9taire avait pr\u00e9vu un g\u00e2teau de Limburg sp\u00e9cial pour mon fils, car le week-end \u00e9tait consacr\u00e9 \u00e0 son 10e anniversaire. De plus, le jardin est tr\u00e8s sp\u00e9cial pour cet endroit. Charmant point de repos dans la ville anim\u00e9e.&#8221;<\/p><\/blockquote>\n\n\n\n<p>Marcel: <\/p>\n\n\n\n<blockquote class=\"wp-block-quote is-layout-flow wp-block-quote-is-layout-flow\"><p>&#8220;Une oasis de calme dans le beau centre de Mestreech. Une super chambre et un petit d\u00e9jeuner super soign\u00e9.&#8221;<\/p><\/blockquote>\n\n\n\n<p>Leny: <\/p>\n\n\n\n<blockquote class=\"wp-block-quote is-layout-flow wp-block-quote-is-layout-flow\"><p>&#8220;Accueil agr\u00e9able, s\u00e9jour merveilleux et agr\u00e9able. Un B&amp;B tranquille \u00e0 Maastricht&#8221;.<\/p><\/blockquote>\n\n\n\n<p>Esther: <\/p>\n\n\n\n<blockquote class=\"wp-block-quote is-layout-flow wp-block-quote-is-layout-flow\"><p>&#8220;Bonne ambiance et endroit charmant.&#8221;<\/p><\/blockquote>\n\n\n\n<figure class=\"wp-block-image size-large is-resized\"><img loading=\"lazy\" decoding=\"async\" src=\"https:\/\/destadswal.nl\/wp-content\/uploads\/2021\/03\/gastenboek-lang-en-smal4540-1024x544.jpg\" alt=\"B&amp;B in het centrum van Maastricht\" class=\"wp-image-1528\" width=\"840\" height=\"446\"\/><\/figure>\n\n\n\n<p>R\u00e9servez \u00e9galement une nuit\u00e9e au B&amp;B le Stadswal \u00e0 Maastricht!<\/p>\n\n\n\n<div class=\"wp-block-cover is-light has-parallax\" style=\"background-image:url(https:\/\/destadswal.nl\/wp-content\/uploads\/2021\/03\/De-Stadswal-muur-detail.jpg);min-height:143px;aspect-ratio:unset;\"><span aria-hidden=\"true\" class=\"has-background-dim-10 wp-block-cover__gradient-background has-background-dim\"><\/span><div class=\"wp-block-cover__inner-container is-layout-flow wp-block-cover-is-layout-flow\">\n<p class=\"has-text-align-center has-white-color has-text-color has-large-font-size\"><strong><a href=\"https:\/\/destadswal.nl\/index.php\/fr\/reservation\/\">R\u00e9server maintenant!<\/a><\/strong><\/p>\n<\/div><\/div>\n\n\n\n<p class=\"has-text-align-center\"><a href=\"https:\/\/www.google.nl\/maps\/place\/Brusselsestraat+3A,+6211+PA+Maastricht\/@50.849618,5.6833755,17z\/data=!3m1!4b1!4m5!3m4!1s0x47c0e9b6e3d7871f:0xdf4a1ba4399dd611!8m2!3d50.8496146!4d5.6855642\" target=\"_blank\" rel=\"noreferrer noopener\">Regardez ici pour notre localisation.<\/a><\/p>\n","protected":false},"excerpt":{"rendered":"<p>Vous trouverez ci-dessous quelques r\u00e9actions de clients qui ont s\u00e9journ\u00e9 dans notre unique et tranquille B&amp;B \u00e0 Maastricht. Nous esp\u00e9rons que vous passerez \u00e9galement un agr\u00e9able s\u00e9jour! Hilde: &#8220;Fantastique d&#8217;\u00eatre avec votre famille dans un&hellip; <a href=\"https:\/\/destadswal.nl\/index.php\/fr\/livre-dor\/\">More<\/a><\/p>\n","protected":false},"author":1,"featured_media":0,"parent":0,"menu_order":0,"comment_status":"closed","ping_status":"closed","template":"","meta":{"footnotes":""},"class_list":["post-1851","page","type-page","status-publish","hentry"],"yoast_head":"<!-- This site is optimized with the Yoast SEO plugin v27.6 - https:\/\/yoast.com\/product\/yoast-seo-wordpress\/ -->\n<title>B&amp;B tranquille \u00e0 Maastricht ; r\u00e9servez maintenant le Stadswal avec jardin<\/title>\n<meta name=\"description\" content=\"Bed and Breakfast Maastricht, un B&amp;B tranquille dans le centre de Maastricht, guesthouse de Stadswal, r\u00e9server une chambre avec le jardin\" \/>\n<meta name=\"robots\" content=\"index, follow, max-snippet:-1, max-image-preview:large, max-video-preview:-1\" \/>\n<link rel=\"canonical\" href=\"https:\/\/destadswal.nl\/index.php\/fr\/livre-dor\/\" \/>\n<meta property=\"og:locale\" content=\"nl_NL\" \/>\n<meta property=\"og:type\" content=\"article\" \/>\n<meta property=\"og:title\" content=\"B&amp;B tranquille \u00e0 Maastricht ; r\u00e9servez maintenant le Stadswal avec jardin\" \/>\n<meta property=\"og:description\" content=\"Bed and Breakfast Maastricht, un B&amp;B tranquille dans le centre de Maastricht, guesthouse de Stadswal, r\u00e9server une chambre avec le jardin\" \/>\n<meta property=\"og:url\" content=\"https:\/\/destadswal.nl\/index.php\/fr\/livre-dor\/\" \/>\n<meta property=\"og:site_name\" content=\"B&amp;B de Stadswal Maastricht\" \/>\n<meta property=\"article:modified_time\" content=\"2022-02-09T12:04:03+00:00\" \/>\n<meta property=\"og:image\" content=\"https:\/\/destadswal.nl\/wp-content\/uploads\/2021\/03\/gastenboek-lang-en-smal4540-1024x544.jpg\" \/>\n<meta name=\"twitter:card\" content=\"summary_large_image\" \/>\n<meta name=\"twitter:label1\" content=\"Verwachte leestijd\" \/>\n\t<meta name=\"twitter:data1\" content=\"2 minuten\" \/>\n<script type=\"application\/ld+json\" class=\"yoast-schema-graph\">{\"@context\":\"https:\\\/\\\/schema.org\",\"@graph\":[{\"@type\":\"WebPage\",\"@id\":\"https:\\\/\\\/destadswal.nl\\\/index.php\\\/fr\\\/livre-dor\\\/\",\"url\":\"https:\\\/\\\/destadswal.nl\\\/index.php\\\/fr\\\/livre-dor\\\/\",\"name\":\"B&B tranquille \u00e0 Maastricht ; r\u00e9servez maintenant le Stadswal avec jardin\",\"isPartOf\":{\"@id\":\"https:\\\/\\\/destadswal.nl\\\/#website\"},\"primaryImageOfPage\":{\"@id\":\"https:\\\/\\\/destadswal.nl\\\/index.php\\\/fr\\\/livre-dor\\\/#primaryimage\"},\"image\":{\"@id\":\"https:\\\/\\\/destadswal.nl\\\/index.php\\\/fr\\\/livre-dor\\\/#primaryimage\"},\"thumbnailUrl\":\"https:\\\/\\\/destadswal.nl\\\/wp-content\\\/uploads\\\/2021\\\/03\\\/gastenboek-lang-en-smal4540-1024x544.jpg\",\"datePublished\":\"2021-04-14T10:54:18+00:00\",\"dateModified\":\"2022-02-09T12:04:03+00:00\",\"description\":\"Bed and Breakfast Maastricht, un B&B tranquille dans le centre de Maastricht, guesthouse de Stadswal, r\u00e9server une chambre avec le jardin\",\"breadcrumb\":{\"@id\":\"https:\\\/\\\/destadswal.nl\\\/index.php\\\/fr\\\/livre-dor\\\/#breadcrumb\"},\"inLanguage\":\"nl-NL\",\"potentialAction\":[{\"@type\":\"ReadAction\",\"target\":[\"https:\\\/\\\/destadswal.nl\\\/index.php\\\/fr\\\/livre-dor\\\/\"]}]},{\"@type\":\"ImageObject\",\"inLanguage\":\"nl-NL\",\"@id\":\"https:\\\/\\\/destadswal.nl\\\/index.php\\\/fr\\\/livre-dor\\\/#primaryimage\",\"url\":\"https:\\\/\\\/destadswal.nl\\\/wp-content\\\/uploads\\\/2021\\\/03\\\/gastenboek-lang-en-smal4540-1024x544.jpg\",\"contentUrl\":\"https:\\\/\\\/destadswal.nl\\\/wp-content\\\/uploads\\\/2021\\\/03\\\/gastenboek-lang-en-smal4540-1024x544.jpg\"},{\"@type\":\"BreadcrumbList\",\"@id\":\"https:\\\/\\\/destadswal.nl\\\/index.php\\\/fr\\\/livre-dor\\\/#breadcrumb\",\"itemListElement\":[{\"@type\":\"ListItem\",\"position\":1,\"name\":\"Home\",\"item\":\"https:\\\/\\\/destadswal.nl\\\/\"},{\"@type\":\"ListItem\",\"position\":2,\"name\":\"Livre d&#8217;or\"}]},{\"@type\":\"WebSite\",\"@id\":\"https:\\\/\\\/destadswal.nl\\\/#website\",\"url\":\"https:\\\/\\\/destadswal.nl\\\/\",\"name\":\"B&amp;B de Stadswal Maastricht\",\"description\":\"Bed and Breakfast in het centrum van Maastricht\",\"potentialAction\":[{\"@type\":\"SearchAction\",\"target\":{\"@type\":\"EntryPoint\",\"urlTemplate\":\"https:\\\/\\\/destadswal.nl\\\/?s={search_term_string}\"},\"query-input\":{\"@type\":\"PropertyValueSpecification\",\"valueRequired\":true,\"valueName\":\"search_term_string\"}}],\"inLanguage\":\"nl-NL\"}]}<\/script>\n<!-- \/ Yoast SEO plugin. -->","yoast_head_json":{"title":"B&B tranquille \u00e0 Maastricht ; r\u00e9servez maintenant le Stadswal avec jardin","description":"Bed and Breakfast Maastricht, un B&B tranquille dans le centre de Maastricht, guesthouse de Stadswal, r\u00e9server une chambre avec le jardin","robots":{"index":"index","follow":"follow","max-snippet":"max-snippet:-1","max-image-preview":"max-image-preview:large","max-video-preview":"max-video-preview:-1"},"canonical":"https:\/\/destadswal.nl\/index.php\/fr\/livre-dor\/","og_locale":"nl_NL","og_type":"article","og_title":"B&B tranquille \u00e0 Maastricht ; r\u00e9servez maintenant le Stadswal avec jardin","og_description":"Bed and Breakfast Maastricht, un B&B tranquille dans le centre de Maastricht, guesthouse de Stadswal, r\u00e9server une chambre avec le jardin","og_url":"https:\/\/destadswal.nl\/index.php\/fr\/livre-dor\/","og_site_name":"B&amp;B de Stadswal Maastricht","article_modified_time":"2022-02-09T12:04:03+00:00","og_image":[{"url":"https:\/\/destadswal.nl\/wp-content\/uploads\/2021\/03\/gastenboek-lang-en-smal4540-1024x544.jpg","type":"","width":"","height":""}],"twitter_card":"summary_large_image","twitter_misc":{"Verwachte leestijd":"2 minuten"},"schema":{"@context":"https:\/\/schema.org","@graph":[{"@type":"WebPage","@id":"https:\/\/destadswal.nl\/index.php\/fr\/livre-dor\/","url":"https:\/\/destadswal.nl\/index.php\/fr\/livre-dor\/","name":"B&B tranquille \u00e0 Maastricht ; r\u00e9servez maintenant le Stadswal avec jardin","isPartOf":{"@id":"https:\/\/destadswal.nl\/#website"},"primaryImageOfPage":{"@id":"https:\/\/destadswal.nl\/index.php\/fr\/livre-dor\/#primaryimage"},"image":{"@id":"https:\/\/destadswal.nl\/index.php\/fr\/livre-dor\/#primaryimage"},"thumbnailUrl":"https:\/\/destadswal.nl\/wp-content\/uploads\/2021\/03\/gastenboek-lang-en-smal4540-1024x544.jpg","datePublished":"2021-04-14T10:54:18+00:00","dateModified":"2022-02-09T12:04:03+00:00","description":"Bed and Breakfast Maastricht, un B&B tranquille dans le centre de Maastricht, guesthouse de Stadswal, r\u00e9server une chambre avec le jardin","breadcrumb":{"@id":"https:\/\/destadswal.nl\/index.php\/fr\/livre-dor\/#breadcrumb"},"inLanguage":"nl-NL","potentialAction":[{"@type":"ReadAction","target":["https:\/\/destadswal.nl\/index.php\/fr\/livre-dor\/"]}]},{"@type":"ImageObject","inLanguage":"nl-NL","@id":"https:\/\/destadswal.nl\/index.php\/fr\/livre-dor\/#primaryimage","url":"https:\/\/destadswal.nl\/wp-content\/uploads\/2021\/03\/gastenboek-lang-en-smal4540-1024x544.jpg","contentUrl":"https:\/\/destadswal.nl\/wp-content\/uploads\/2021\/03\/gastenboek-lang-en-smal4540-1024x544.jpg"},{"@type":"BreadcrumbList","@id":"https:\/\/destadswal.nl\/index.php\/fr\/livre-dor\/#breadcrumb","itemListElement":[{"@type":"ListItem","position":1,"name":"Home","item":"https:\/\/destadswal.nl\/"},{"@type":"ListItem","position":2,"name":"Livre d&#8217;or"}]},{"@type":"WebSite","@id":"https:\/\/destadswal.nl\/#website","url":"https:\/\/destadswal.nl\/","name":"B&amp;B de Stadswal Maastricht","description":"Bed and Breakfast in het centrum van Maastricht","potentialAction":[{"@type":"SearchAction","target":{"@type":"EntryPoint","urlTemplate":"https:\/\/destadswal.nl\/?s={search_term_string}"},"query-input":{"@type":"PropertyValueSpecification","valueRequired":true,"valueName":"search_term_string"}}],"inLanguage":"nl-NL"}]}},"_links":{"self":[{"href":"https:\/\/destadswal.nl\/index.php\/wp-json\/wp\/v2\/pages\/1851","targetHints":{"allow":["GET"]}}],"collection":[{"href":"https:\/\/destadswal.nl\/index.php\/wp-json\/wp\/v2\/pages"}],"about":[{"href":"https:\/\/destadswal.nl\/index.php\/wp-json\/wp\/v2\/types\/page"}],"author":[{"embeddable":true,"href":"https:\/\/destadswal.nl\/index.php\/wp-json\/wp\/v2\/users\/1"}],"replies":[{"embeddable":true,"href":"https:\/\/destadswal.nl\/index.php\/wp-json\/wp\/v2\/comments?post=1851"}],"version-history":[{"count":12,"href":"https:\/\/destadswal.nl\/index.php\/wp-json\/wp\/v2\/pages\/1851\/revisions"}],"predecessor-version":[{"id":1967,"href":"https:\/\/destadswal.nl\/index.php\/wp-json\/wp\/v2\/pages\/1851\/revisions\/1967"}],"wp:attachment":[{"href":"https:\/\/destadswal.nl\/index.php\/wp-json\/wp\/v2\/media?parent=1851"}],"curies":[{"name":"wp","href":"https:\/\/api.w.org\/{rel}","templated":true}]}}